{"id":58,"date":"2023-05-17T14:37:01","date_gmt":"2023-05-17T14:37:01","guid":{"rendered":"https:\/\/planodenegocio.juniorfea.com.br\/?page_id=58"},"modified":"2023-05-17T14:37:15","modified_gmt":"2023-05-17T14:37:15","slug":"pagina-de-obrigado","status":"publish","type":"page","link":"https:\/\/planodenegocio.juniorfea.com.br\/index.php\/pagina-de-obrigado\/","title":{"rendered":"P\u00e1gina de Obrigado"},"content":{"rendered":"\t\t<div data-elementor-type=\"wp-page\" data-elementor-id=\"58\" class=\"elementor elementor-58\">\n\t\t\t\t\t\t<section class=\"elementor-section elementor-top-section elementor-element elementor-element-258d3792 elementor-section-height-min-height elementor-section-boxed elementor-section-height-default elementor-section-items-middle\" data-id=\"258d3792\" data-element_type=\"section\" data-e-type=\"section\" data-settings=\"{&quot;background_background&quot;:&quot;classic&quot;,&quot;shape_divider_bottom&quot;:&quot;mountains&quot;}\">\n\t\t\t\t\t<div class=\"elementor-shape elementor-shape-bottom\" aria-hidden=\"true\" data-negative=\"false\">\n\t\t\t<svg xmlns=\"http:\/\/www.w3.org\/2000\/svg\" viewBox=\"0 0 1000 100\" preserveAspectRatio=\"none\">\n\t<path class=\"elementor-shape-fill\" opacity=\"0.33\" d=\"M473,67.3c-203.9,88.3-263.1-34-320.3,0C66,119.1,0,59.7,0,59.7V0h1000v59.7 c0,0-62.1,26.1-94.9,29.3c-32.8,3.3-62.8-12.3-75.8-22.1C806,49.6,745.3,8.7,694.9,4.7S492.4,59,473,67.3z\"\/>\n\t<path class=\"elementor-shape-fill\" opacity=\"0.66\" d=\"M734,67.3c-45.5,0-77.2-23.2-129.1-39.1c-28.6-8.7-150.3-10.1-254,39.1 s-91.7-34.4-149.2,0C115.7,118.3,0,39.8,0,39.8V0h1000v36.5c0,0-28.2-18.5-92.1-18.5C810.2,18.1,775.7,67.3,734,67.3z\"\/>\n\t<path class=\"elementor-shape-fill\" d=\"M766.1,28.9c-200-57.5-266,65.5-395.1,19.5C242,1.8,242,5.4,184.8,20.6C128,35.8,132.3,44.9,89.9,52.5C28.6,63.7,0,0,0,0 h1000c0,0-9.9,40.9-83.6,48.1S829.6,47,766.1,28.9z\"\/>\n<\/svg>\t\t<\/div>\n\t\t\t\t\t<div class=\"elementor-container elementor-column-gap-default\">\n\t\t\t\t\t<div class=\"elementor-column elementor-col-50 elementor-top-column elementor-element elementor-element-282f2d72\" data-id=\"282f2d72\" data-element_type=\"column\" data-e-type=\"column\">\n\t\t\t<div class=\"elementor-widget-wrap elementor-element-populated\">\n\t\t\t\t\t\t<div class=\"elementor-element elementor-element-159ba001 elementor-widget elementor-widget-image\" data-id=\"159ba001\" data-element_type=\"widget\" data-e-type=\"widget\" data-widget_type=\"image.default\">\n\t\t\t\t<div class=\"elementor-widget-container\">\n\t\t\t\t\t\t\t\t\t\t\t\t\t\t\t<img fetchpriority=\"high\" decoding=\"async\" width=\"500\" height=\"496\" src=\"https:\/\/planodenegocio.juniorfea.com.br\/wp-content\/uploads\/2023\/05\/cropped-logo-fea-branco.png\" class=\"attachment-large size-large wp-image-60\" alt=\"\" srcset=\"https:\/\/planodenegocio.juniorfea.com.br\/wp-content\/uploads\/2023\/05\/cropped-logo-fea-branco.png 500w, https:\/\/planodenegocio.juniorfea.com.br\/wp-content\/uploads\/2023\/05\/cropped-logo-fea-branco-300x298.png 300w, https:\/\/planodenegocio.juniorfea.com.br\/wp-content\/uploads\/2023\/05\/cropped-logo-fea-branco-150x150.png 150w\" sizes=\"(max-width: 500px) 100vw, 500px\" \/>\t\t\t\t\t\t\t\t\t\t\t\t\t\t\t<\/div>\n\t\t\t\t<\/div>\n\t\t\t\t<div class=\"elementor-element elementor-element-37cc90a9 animated-slow elementor-invisible elementor-widget elementor-widget-heading\" data-id=\"37cc90a9\" data-element_type=\"widget\" data-e-type=\"widget\" data-settings=\"{&quot;_animation&quot;:&quot;fadeIn&quot;}\" data-widget_type=\"heading.default\">\n\t\t\t\t<div class=\"elementor-widget-container\">\n\t\t\t\t\t<h2 class=\"elementor-heading-title elementor-size-default\">Recebemos sua mensagem de solicita\u00e7\u00e3o!<\/h2>\t\t\t\t<\/div>\n\t\t\t\t<\/div>\n\t\t\t\t<div class=\"elementor-element elementor-element-b3cd9fe elementor-widget-divider--view-line elementor-widget elementor-widget-divider\" data-id=\"b3cd9fe\" data-element_type=\"widget\" data-e-type=\"widget\" data-widget_type=\"divider.default\">\n\t\t\t\t<div class=\"elementor-widget-container\">\n\t\t\t\t\t\t\t<div class=\"elementor-divider\">\n\t\t\t<span class=\"elementor-divider-separator\">\n\t\t\t\t\t\t<\/span>\n\t\t<\/div>\n\t\t\t\t\t\t<\/div>\n\t\t\t\t<\/div>\n\t\t\t\t<div class=\"elementor-element elementor-element-5cd6f90c elementor-widget elementor-widget-text-editor\" data-id=\"5cd6f90c\" data-element_type=\"widget\" data-e-type=\"widget\" data-widget_type=\"text-editor.default\">\n\t\t\t\t<div class=\"elementor-widget-container\">\n\t\t\t\t\t\t\t\t\t<p>Obrigado por se cadastrar!! Nosso time j\u00e1 recebeu a sua mensagem e em breve um dos nossos especialistas entrar\u00e1 em contato com voc\u00ea. Nos falamos em breve!<\/p>\t\t\t\t\t\t\t\t<\/div>\n\t\t\t\t<\/div>\n\t\t\t\t\t<\/div>\n\t\t<\/div>\n\t\t\t\t<div class=\"elementor-column elementor-col-50 elementor-top-column elementor-element elementor-element-64af5de0\" data-id=\"64af5de0\" data-element_type=\"column\" data-e-type=\"column\">\n\t\t\t<div class=\"elementor-widget-wrap elementor-element-populated\">\n\t\t\t\t\t\t<div class=\"elementor-element elementor-element-6ac14798 elementor-invisible elementor-widget elementor-widget-image\" data-id=\"6ac14798\" data-element_type=\"widget\" data-e-type=\"widget\" data-settings=\"{&quot;_animation&quot;:&quot;fadeInRight&quot;}\" data-widget_type=\"image.default\">\n\t\t\t\t<div class=\"elementor-widget-container\">\n\t\t\t\t\t\t\t\t\t\t\t\t\t\t\t<img decoding=\"async\" width=\"800\" height=\"800\" src=\"https:\/\/planodenegocio.juniorfea.com.br\/wp-content\/uploads\/2023\/05\/Globalization-cuate-1024x1024.png\" class=\"attachment-large size-large wp-image-61\" alt=\"\" srcset=\"https:\/\/planodenegocio.juniorfea.com.br\/wp-content\/uploads\/2023\/05\/Globalization-cuate-1024x1024.png 1024w, https:\/\/planodenegocio.juniorfea.com.br\/wp-content\/uploads\/2023\/05\/Globalization-cuate-300x300.png 300w, https:\/\/planodenegocio.juniorfea.com.br\/wp-content\/uploads\/2023\/05\/Globalization-cuate-150x150.png 150w, https:\/\/planodenegocio.juniorfea.com.br\/wp-content\/uploads\/2023\/05\/Globalization-cuate-768x768.png 768w, https:\/\/planodenegocio.juniorfea.com.br\/wp-content\/uploads\/2023\/05\/Globalization-cuate-1536x1536.png 1536w, https:\/\/planodenegocio.juniorfea.com.br\/wp-content\/uploads\/2023\/05\/Globalization-cuate.png 2000w\" sizes=\"(max-width: 800px) 100vw, 800px\" \/>\t\t\t\t\t\t\t\t\t\t\t\t\t\t\t<\/div>\n\t\t\t\t<\/div>\n\t\t\t\t\t<\/div>\n\t\t<\/div>\n\t\t\t\t\t<\/div>\n\t\t<\/section>\n\t\t\t\t<section class=\"elementor-section elementor-top-section elementor-element elementor-element-548daee5 elementor-section-boxed elementor-section-height-default elementor-section-height-default\" data-id=\"548daee5\" data-element_type=\"section\" data-e-type=\"section\">\n\t\t\t\t\t\t<div class=\"elementor-container elementor-column-gap-default\">\n\t\t\t\t\t<div class=\"elementor-column elementor-col-100 elementor-top-column elementor-element elementor-element-321a4ba5\" data-id=\"321a4ba5\" data-element_type=\"column\" data-e-type=\"column\">\n\t\t\t<div class=\"elementor-widget-wrap elementor-element-populated\">\n\t\t\t\t\t\t<div class=\"elementor-element elementor-element-123f31ec elementor-align-center elementor-widget elementor-widget-button\" data-id=\"123f31ec\" data-element_type=\"widget\" data-e-type=\"widget\" data-widget_type=\"button.default\">\n\t\t\t\t<div class=\"elementor-widget-container\">\n\t\t\t\t\t\t\t\t\t<div class=\"elementor-button-wrapper\">\n\t\t\t\t\t<a class=\"elementor-button elementor-button-link elementor-size-sm\" href=\"https:\/\/juniorfea.com.br\/\">\n\t\t\t\t\t\t<span class=\"elementor-button-content-wrapper\">\n\t\t\t\t\t\t\t\t\t<span class=\"elementor-button-text\">Visite nosso site<\/span>\n\t\t\t\t\t<\/span>\n\t\t\t\t\t<\/a>\n\t\t\t\t<\/div>\n\t\t\t\t\t\t\t\t<\/div>\n\t\t\t\t<\/div>\n\t\t\t\t\t<\/div>\n\t\t<\/div>\n\t\t\t\t\t<\/div>\n\t\t<\/section>\n\t\t\t\t<\/div>\n\t\t","protected":false},"excerpt":{"rendered":"<p>Recebemos sua mensagem de solicita\u00e7\u00e3o! Obrigado por se cadastrar!! Nosso time j\u00e1 recebeu a sua mensagem e em breve um dos nossos especialistas entrar\u00e1 em contato com voc\u00ea. Nos falamos em breve! Visite nosso site<\/p>\n","protected":false},"author":1,"featured_media":0,"parent":0,"menu_order":0,"comment_status":"closed","ping_status":"closed","template":"","meta":{"footnotes":""},"class_list":["post-58","page","type-page","status-publish","hentry"],"yoast_head":"<!-- This site is optimized with the Yoast SEO plugin v27.4 - https:\/\/yoast.com\/product\/yoast-seo-wordpress\/ -->\n<title>P\u00e1gina de Obrigado - Plano de Neg\u00f3cios<\/title>\n<meta name=\"robots\" content=\"index, follow, max-snippet:-1, max-image-preview:large, max-video-preview:-1\" \/>\n<link rel=\"canonical\" href=\"https:\/\/planodenegocio.juniorfea.com.br\/index.php\/pagina-de-obrigado\/\" \/>\n<meta property=\"og:locale\" content=\"pt_BR\" \/>\n<meta property=\"og:type\" content=\"article\" \/>\n<meta property=\"og:title\" content=\"P\u00e1gina de Obrigado - Plano de Neg\u00f3cios\" \/>\n<meta property=\"og:description\" content=\"Recebemos sua mensagem de solicita\u00e7\u00e3o! Obrigado por se cadastrar!! Nosso time j\u00e1 recebeu a sua mensagem e em breve um dos nossos especialistas entrar\u00e1 em contato com voc\u00ea. Nos falamos em breve! Visite nosso site\" \/>\n<meta property=\"og:url\" content=\"https:\/\/planodenegocio.juniorfea.com.br\/index.php\/pagina-de-obrigado\/\" \/>\n<meta property=\"og:site_name\" content=\"Plano de Neg\u00f3cios\" \/>\n<meta property=\"article:modified_time\" content=\"2023-05-17T14:37:15+00:00\" \/>\n<meta property=\"og:image\" content=\"https:\/\/planodenegocio.juniorfea.com.br\/wp-content\/uploads\/2023\/05\/cropped-logo-fea-branco.png\" \/>\n<meta name=\"twitter:card\" content=\"summary_large_image\" \/>\n<meta name=\"twitter:label1\" content=\"Est. tempo de leitura\" \/>\n\t<meta name=\"twitter:data1\" content=\"1 minuto\" \/>\n<script type=\"application\/ld+json\" class=\"yoast-schema-graph\">{\"@context\":\"https:\\\/\\\/schema.org\",\"@graph\":[{\"@type\":\"WebPage\",\"@id\":\"https:\\\/\\\/planodenegocio.juniorfea.com.br\\\/index.php\\\/pagina-de-obrigado\\\/\",\"url\":\"https:\\\/\\\/planodenegocio.juniorfea.com.br\\\/index.php\\\/pagina-de-obrigado\\\/\",\"name\":\"P\u00e1gina de Obrigado - Plano de Neg\u00f3cios\",\"isPartOf\":{\"@id\":\"https:\\\/\\\/planodenegocio.juniorfea.com.br\\\/#website\"},\"primaryImageOfPage\":{\"@id\":\"https:\\\/\\\/planodenegocio.juniorfea.com.br\\\/index.php\\\/pagina-de-obrigado\\\/#primaryimage\"},\"image\":{\"@id\":\"https:\\\/\\\/planodenegocio.juniorfea.com.br\\\/index.php\\\/pagina-de-obrigado\\\/#primaryimage\"},\"thumbnailUrl\":\"https:\\\/\\\/planodenegocio.juniorfea.com.br\\\/wp-content\\\/uploads\\\/2023\\\/05\\\/cropped-logo-fea-branco.png\",\"datePublished\":\"2023-05-17T14:37:01+00:00\",\"dateModified\":\"2023-05-17T14:37:15+00:00\",\"breadcrumb\":{\"@id\":\"https:\\\/\\\/planodenegocio.juniorfea.com.br\\\/index.php\\\/pagina-de-obrigado\\\/#breadcrumb\"},\"inLanguage\":\"pt-BR\",\"potentialAction\":[{\"@type\":\"ReadAction\",\"target\":[\"https:\\\/\\\/planodenegocio.juniorfea.com.br\\\/index.php\\\/pagina-de-obrigado\\\/\"]}]},{\"@type\":\"ImageObject\",\"inLanguage\":\"pt-BR\",\"@id\":\"https:\\\/\\\/planodenegocio.juniorfea.com.br\\\/index.php\\\/pagina-de-obrigado\\\/#primaryimage\",\"url\":\"https:\\\/\\\/planodenegocio.juniorfea.com.br\\\/wp-content\\\/uploads\\\/2023\\\/05\\\/cropped-logo-fea-branco.png\",\"contentUrl\":\"https:\\\/\\\/planodenegocio.juniorfea.com.br\\\/wp-content\\\/uploads\\\/2023\\\/05\\\/cropped-logo-fea-branco.png\",\"width\":500,\"height\":496},{\"@type\":\"BreadcrumbList\",\"@id\":\"https:\\\/\\\/planodenegocio.juniorfea.com.br\\\/index.php\\\/pagina-de-obrigado\\\/#breadcrumb\",\"itemListElement\":[{\"@type\":\"ListItem\",\"position\":1,\"name\":\"In\u00edcio\",\"item\":\"https:\\\/\\\/planodenegocio.juniorfea.com.br\\\/\"},{\"@type\":\"ListItem\",\"position\":2,\"name\":\"P\u00e1gina de Obrigado\"}]},{\"@type\":\"WebSite\",\"@id\":\"https:\\\/\\\/planodenegocio.juniorfea.com.br\\\/#website\",\"url\":\"https:\\\/\\\/planodenegocio.juniorfea.com.br\\\/\",\"name\":\"Plano de Neg\u00f3cios\",\"description\":\"\",\"potentialAction\":[{\"@type\":\"SearchAction\",\"target\":{\"@type\":\"EntryPoint\",\"urlTemplate\":\"https:\\\/\\\/planodenegocio.juniorfea.com.br\\\/?s={search_term_string}\"},\"query-input\":{\"@type\":\"PropertyValueSpecification\",\"valueRequired\":true,\"valueName\":\"search_term_string\"}}],\"inLanguage\":\"pt-BR\"}]}<\/script>\n<!-- \/ Yoast SEO plugin. -->","yoast_head_json":{"title":"P\u00e1gina de Obrigado - Plano de Neg\u00f3cios","robots":{"index":"index","follow":"follow","max-snippet":"max-snippet:-1","max-image-preview":"max-image-preview:large","max-video-preview":"max-video-preview:-1"},"canonical":"https:\/\/planodenegocio.juniorfea.com.br\/index.php\/pagina-de-obrigado\/","og_locale":"pt_BR","og_type":"article","og_title":"P\u00e1gina de Obrigado - Plano de Neg\u00f3cios","og_description":"Recebemos sua mensagem de solicita\u00e7\u00e3o! Obrigado por se cadastrar!! Nosso time j\u00e1 recebeu a sua mensagem e em breve um dos nossos especialistas entrar\u00e1 em contato com voc\u00ea. Nos falamos em breve! Visite nosso site","og_url":"https:\/\/planodenegocio.juniorfea.com.br\/index.php\/pagina-de-obrigado\/","og_site_name":"Plano de Neg\u00f3cios","article_modified_time":"2023-05-17T14:37:15+00:00","og_image":[{"url":"https:\/\/planodenegocio.juniorfea.com.br\/wp-content\/uploads\/2023\/05\/cropped-logo-fea-branco.png","type":"","width":"","height":""}],"twitter_card":"summary_large_image","twitter_misc":{"Est. tempo de leitura":"1 minuto"},"schema":{"@context":"https:\/\/schema.org","@graph":[{"@type":"WebPage","@id":"https:\/\/planodenegocio.juniorfea.com.br\/index.php\/pagina-de-obrigado\/","url":"https:\/\/planodenegocio.juniorfea.com.br\/index.php\/pagina-de-obrigado\/","name":"P\u00e1gina de Obrigado - Plano de Neg\u00f3cios","isPartOf":{"@id":"https:\/\/planodenegocio.juniorfea.com.br\/#website"},"primaryImageOfPage":{"@id":"https:\/\/planodenegocio.juniorfea.com.br\/index.php\/pagina-de-obrigado\/#primaryimage"},"image":{"@id":"https:\/\/planodenegocio.juniorfea.com.br\/index.php\/pagina-de-obrigado\/#primaryimage"},"thumbnailUrl":"https:\/\/planodenegocio.juniorfea.com.br\/wp-content\/uploads\/2023\/05\/cropped-logo-fea-branco.png","datePublished":"2023-05-17T14:37:01+00:00","dateModified":"2023-05-17T14:37:15+00:00","breadcrumb":{"@id":"https:\/\/planodenegocio.juniorfea.com.br\/index.php\/pagina-de-obrigado\/#breadcrumb"},"inLanguage":"pt-BR","potentialAction":[{"@type":"ReadAction","target":["https:\/\/planodenegocio.juniorfea.com.br\/index.php\/pagina-de-obrigado\/"]}]},{"@type":"ImageObject","inLanguage":"pt-BR","@id":"https:\/\/planodenegocio.juniorfea.com.br\/index.php\/pagina-de-obrigado\/#primaryimage","url":"https:\/\/planodenegocio.juniorfea.com.br\/wp-content\/uploads\/2023\/05\/cropped-logo-fea-branco.png","contentUrl":"https:\/\/planodenegocio.juniorfea.com.br\/wp-content\/uploads\/2023\/05\/cropped-logo-fea-branco.png","width":500,"height":496},{"@type":"BreadcrumbList","@id":"https:\/\/planodenegocio.juniorfea.com.br\/index.php\/pagina-de-obrigado\/#breadcrumb","itemListElement":[{"@type":"ListItem","position":1,"name":"In\u00edcio","item":"https:\/\/planodenegocio.juniorfea.com.br\/"},{"@type":"ListItem","position":2,"name":"P\u00e1gina de Obrigado"}]},{"@type":"WebSite","@id":"https:\/\/planodenegocio.juniorfea.com.br\/#website","url":"https:\/\/planodenegocio.juniorfea.com.br\/","name":"Plano de Neg\u00f3cios","description":"","potentialAction":[{"@type":"SearchAction","target":{"@type":"EntryPoint","urlTemplate":"https:\/\/planodenegocio.juniorfea.com.br\/?s={search_term_string}"},"query-input":{"@type":"PropertyValueSpecification","valueRequired":true,"valueName":"search_term_string"}}],"inLanguage":"pt-BR"}]}},"_links":{"self":[{"href":"https:\/\/planodenegocio.juniorfea.com.br\/index.php\/wp-json\/wp\/v2\/pages\/58","targetHints":{"allow":["GET"]}}],"collection":[{"href":"https:\/\/planodenegocio.juniorfea.com.br\/index.php\/wp-json\/wp\/v2\/pages"}],"about":[{"href":"https:\/\/planodenegocio.juniorfea.com.br\/index.php\/wp-json\/wp\/v2\/types\/page"}],"author":[{"embeddable":true,"href":"https:\/\/planodenegocio.juniorfea.com.br\/index.php\/wp-json\/wp\/v2\/users\/1"}],"replies":[{"embeddable":true,"href":"https:\/\/planodenegocio.juniorfea.com.br\/index.php\/wp-json\/wp\/v2\/comments?post=58"}],"version-history":[{"count":4,"href":"https:\/\/planodenegocio.juniorfea.com.br\/index.php\/wp-json\/wp\/v2\/pages\/58\/revisions"}],"predecessor-version":[{"id":67,"href":"https:\/\/planodenegocio.juniorfea.com.br\/index.php\/wp-json\/wp\/v2\/pages\/58\/revisions\/67"}],"wp:attachment":[{"href":"https:\/\/planodenegocio.juniorfea.com.br\/index.php\/wp-json\/wp\/v2\/media?parent=58"}],"curies":[{"name":"wp","href":"https:\/\/api.w.org\/{rel}","templated":true}]}}